{"id":3,"date":"2024-08-05T20:14:53","date_gmt":"2024-08-05T20:14:53","guid":{"rendered":"https:\/\/bilingualdemo.crackstudio.pe\/?page_id=3"},"modified":"2026-04-10T17:06:38","modified_gmt":"2026-04-10T17:06:38","slug":"privacy-polices","status":"publish","type":"page","link":"https:\/\/www.bilingualglobal.com\/es\/politicas-de-privacidad\/","title":{"rendered":"Pol\u00edticas de privacidad"},"content":{"rendered":"<h2 class=\"wp-block-heading\">INTRODUCCI\u00d3N<\/h2>\r\n\r\n\r\n\r\n<p>La presente Pol\u00edtica de Privacidad y Protecci\u00f3n de Datos, en adelante la \"Pol\u00edtica\", establece los criterios para el tratamiento de los datos personales, en adelante \"Datos Personales\", recabados por nosotros sobre usted o facilitados por usted a BILINGUAL SAC, identificada con CIF 20556432881, domiciliada en la ciudad de Lima, en adelante \u201cLS Biling\u00fce\u201d.<\/p>\r\n\r\n\r\n\r\n<p>El uso de <a href=\"http:\/\/www.bilingual-ls.com\" target=\"_blank\" rel=\"noopener\">www.bilingual-ls.com<\/a>en adelante el \"Sitio Web\", implica su aceptaci\u00f3n de las reglas contenidas en esta Pol\u00edtica de Privacidad.<\/p>\r\n\r\n\r\n\r\n<h2 class=\"wp-block-heading\">DE LOS USUARIOS<\/h2>\r\n\r\n\r\n\r\n<p>Un usuario es cualquier persona f\u00edsica o jur\u00eddica que accede al sitio web. Todas las comunicaciones privadas entre Bilingual LS y cualquier Usuario ser\u00e1n confidenciales. Asimismo, cualquier tipo de informaci\u00f3n que acuerden las partes tambi\u00e9n tendr\u00e1 tal condici\u00f3n. La cumplimentaci\u00f3n de cualquier formulario del Sitio Web o el env\u00edo de correos electr\u00f3nicos u otras comunicaciones con Bilingual LS implica el consentimiento expl\u00edcito del Usuario para el uso de Datos Personales en el sistema automatizado de la empresa.<\/p>\r\n\r\n\r\n\r\n<h2 class=\"wp-block-heading\">RECOPILACI\u00d3N DE INFORMACI\u00d3N B\u00c1SICA<\/h2>\r\n\r\n\r\n\r\n<p>En general, puede visitar el Sitio Web sin proporcionar sus Datos Personales, pero en algunas ocasiones Bilingual LS le solicitar\u00e1 dicha informaci\u00f3n. Los datos personales se refieren a informaci\u00f3n como su nombre, n\u00famero de tel\u00e9fono, direcci\u00f3n o direcci\u00f3n de correo electr\u00f3nico. La informaci\u00f3n personal recopilada por Bilingual LS se utiliza, en parte, para brindarle informaci\u00f3n y material promocional sobre el servicio, y tambi\u00e9n para contactarlo cuando sea necesario. Si decide ponerse en contacto con nosotros, se mantendr\u00e1 un registro de seguimiento de su correspondencia. Como la mayor\u00eda de los otros sitios web, Bilingual LS recopila datos estad\u00edsticos y anal\u00edticos, en adelante \"Datos no personales\". A diferencia de los datos personales, este tipo de datos no nos permite identificarlo ni comunicarnos con usted. Los ejemplos de datos no personales incluyen el tipo de navegador y otros datos an\u00f3nimos relacionados con el uso del sitio web.<\/p>\r\n\r\n\r\n\r\n<h2 class=\"wp-block-heading\">RESPECTO A LOS MENORES<\/h2>\r\n\r\n\r\n\r\n<p>En cumplimiento de la Ley de Protecci\u00f3n de Datos Personales (Ley 29733), Bilingual LS no solicitar\u00e1 Datos de ninguna persona menor de trece (13) a\u00f1os sin contar con el consentimiento de sus padres, tutores o representantes legales. Cualquier persona que proporcione a Bilingual LS este tipo de informaci\u00f3n debe tener como m\u00ednimo trece (13) a\u00f1os de edad. En el caso de que Bilingual LS tenga conocimiento de que los datos personales recogidos corresponden a un menor sin autorizaci\u00f3n, se tomar\u00e1n las medidas oportunas para suprimir estos datos de forma inmediata.<\/p>\r\n\r\n\r\n\r\n<h2 class=\"wp-block-heading\">TESTIMONIOS<\/h2>\r\n\r\n\r\n\r\n<p>Bilingual LS puede publicar en el sitio web testimonios de sus clientes, que pueden contener datos personales. Una vez que acepta los T\u00e9rminos de servicio que se aplican al servicio, da su consentimiento a Bilingual LS para publicar testimonios, comentarios, nombres y cualquier otra representaci\u00f3n que provenga de usted.<\/p>\r\n\r\n\r\n\r\n<h2 class=\"wp-block-heading\">COOKIES<\/h2>\r\n\r\n\r\n\r\n<p>La tecnolog\u00eda de cookies se puede utilizar para proporcionar informaci\u00f3n personalizada desde el sitio web. Una cookie es un elemento de informaci\u00f3n que un sitio web puede enviar a su navegador y luego almacenarse en su sistema. Puede configurar su navegador para que le notifique cuando reciba una cookie y decidir si la acepta o no. La informaci\u00f3n recopilada a trav\u00e9s de las cookies se utiliza para evaluar y mejorar el sitio web y para ayudar a diagnosticar problemas con el servidor. Bilingual LS puede recopilar informaci\u00f3n sobre el tipo de su navegador de Internet, computadora o sistema operativo, su direcci\u00f3n IP, velocidad de conexi\u00f3n, el nombre de dominio de su proveedor de servicios de Internet, su ubicaci\u00f3n geogr\u00e1fica al acceder al sitio web y las b\u00fasquedas que lo llevaron al sitio web. Bilingual LS tambi\u00e9n rastrea y recopila informaci\u00f3n sobre usted, incluidos los patrones que sigui\u00f3 al usar el sitio web, como los men\u00fas visitados, las b\u00fasquedas realizadas y el tiempo dedicado a navegar en el sitio web.<\/p>\r\n\r\n\r\n\r\n<h2 class=\"wp-block-heading\">ESTE SITIO WEB UTILIZA EL REMARKETING DE GOOGLE ADWORDS<\/h2>\r\n\r\n\r\n\r\n<p>El sitio web utiliza el servicio de remarketing de Google AdWords con fines promocionales en sitios web de terceros (incluido Google) para aquellas personas que visitaron anteriormente el sitio web. Esto puede implicar que Bilingual LS se promocione a aquellos que han visitado anteriormente el sitio web pero completaron una tarea, por ejemplo, cuando utilizan el formulario de contacto para solicitar una cotizaci\u00f3n. Esto podr\u00eda ser en un formulario promocional colocado en la p\u00e1gina de resultados de Google o en un sitio web de la Red de Display de Google. Los proveedores de terceros, incluido Google, utilizan cookies para colocar anuncios basados en las visitas anteriores de alguien al sitio web. En cumplimiento de la Pol\u00edtica de Privacidad de Bilingual LS as\u00ed como de Google, la informaci\u00f3n recopilada no se puede utilizar. Puede establecer sus preferencias para las promociones de Google que se le muestran y, si lo desea, puede darse de baja de la lista de publicidad basada en sus intereses utilizando la p\u00e1gina de Preferencias de anuncios de Google desde su navegador o a trav\u00e9s de <a href=\"https:\/\/www.networkadvertising.org\/choices\" target=\"_blank\" rel=\"noopener\">https:\/\/www.networkadvertising.org\/choices<\/a><\/p>\r\n\r\n\r\n\r\n<h2 class=\"wp-block-heading\">ESTE SITIO WEB UTILIZA GOOGLE ANALYTICS<\/h2>\r\n\r\n\r\n\r\n<p>El sitio web utiliza todas las funciones de Google Analytics para anunciantes fijos, lo que incluye la obtenci\u00f3n de informaci\u00f3n de cookies de visitantes espec\u00edficos, como la fuente, los medios y la palabra clave utilizada para visitar el sitio web. Google Analytics no almacena datos espec\u00edficos de visitantes y no utilizar\u00e1 datos espec\u00edficos de visitantes de ninguna manera relacionada con Google Analytics, Google AdWords y Remarketing. Bilingual LS y otras empresas de terceros, incluido Google, utilizan cookies de origen (como Google Analytics) y cookies de terceros (como DoubleClick) para informar, optimizar y entregar anuncios basados en visitas anteriores del usuario a nuestro sitio web.<\/p>\r\n\r\n\r\n\r\n<h2 class=\"wp-block-heading\">Como anunciante de AdWords, Bilingual LS no puede y no har\u00e1 lo siguiente:<\/h2>\r\n\r\n\r\n\r\n<p>a) Administrar publicidad solicitando informaci\u00f3n de identificaci\u00f3n personal, incluida la direcci\u00f3n de correo electr\u00f3nico, n\u00fameros de tel\u00e9fono, n\u00fameros de tarjetas de cr\u00e9dito.<\/p>\r\n\r\n\r\n\r\n<p>(b) Cree una lista de remarketing o un texto de anuncio dirigido espec\u00edficamente a los usuarios de una manera \"prohibida\". Puede establecer sus preferencias para las promociones de Google que se le muestran o, si lo desea, puede darse de baja de la lista de publicidad basada en sus intereses utilizando la p\u00e1gina de Preferencias de anuncios de Google, desde su navegador o a trav\u00e9s de <a href=\"https:\/\/www.networkadvertising.org\/choices\/\" target=\"_blank\" rel=\"noopener\">https:\/\/www.networkadvertising.org\/choices\/<\/a><\/p>\r\n\r\n\r\n\r\n<h2 class=\"wp-block-heading\">ENLACE A OTRAS REDES<\/h2>\r\n\r\n\r\n\r\n<p>Los enlaces a otras redes son una parte integral de la funcionalidad de Internet, incluido el sitio web. Cualquier enlace con una URL de un dominio que no sea www.bilingual-ls.com en la barra de direcciones de su navegador es un enlace que redirige a otras p\u00e1ginas fuera del alcance de nuestro servicio. Esto incluye enlaces a nuestros proveedores de servicios de contenido, afiliados o enlaces a terceros que pueden estar vinculados a Bilingual LS. Esas redes pueden enviarle sus Cookies, recopilar datos o solicitar informaci\u00f3n personal. Bilingual LS no puede garantizar ni es responsable del contenido de otras redes o p\u00e1ginas.<\/p>\r\n\r\n\r\n\r\n<p>Tenga en cuenta que cada vez que proporcione informaci\u00f3n personal a otras redes o p\u00e1ginas (por ejemplo, a trav\u00e9s de mensajes o chat), dicha informaci\u00f3n puede ser recopilada y \/ o utilizada por personas desconocidas. Aunque Bilingual LS hace todo lo posible por proteger la informaci\u00f3n personal y la privacidad de sus visitantes, no puede garantizar la seguridad o privacidad de cualquier informaci\u00f3n que usted divulgue a otros sitios web, por lo que lo har\u00e1 bajo su propio riesgo. Debe obtener informaci\u00f3n sobre las pr\u00e1cticas y pol\u00edticas de privacidad y seguridad de los sitios externos de Internet antes de proporcionar sus datos personales.<\/p>\r\n\r\n\r\n\r\n<h2 class=\"wp-block-heading\">SEGURIDAD<\/h2>\r\n\r\n\r\n\r\n<p>Est\u00e1 prohibido violar o intentar violar la seguridad de la red Bilingual LS y puede resultar en acciones penales y civiles en su contra. Bilingual LS investigar\u00e1 cualquier presunta infracci\u00f3n y cooperar\u00e1 con la polic\u00eda si se alega alguna infracci\u00f3n penal. Algunas de estas infracciones incluyen, entre otras:<\/p>\r\n\r\n\r\n\r\n<ul class=\"wp-block-list\">\r\n<li>Acceso a informaci\u00f3n no destinada a usted.<\/li>\r\n\r\n\r\n\r\n<li>Iniciar sesi\u00f3n en un servidor o cuenta a la que no tiene acceso autorizado.<\/li>\r\n\r\n\r\n\r\n<li>Intentar probar, escanear o evaluar la vulnerabilidad de un sistema o red.<\/li>\r\n\r\n\r\n\r\n<li>Romper las medidas de seguridad o autenticidad sin la debida autorizaci\u00f3n.<\/li>\r\n\r\n\r\n\r\n<li>Intentar interferir con el servicio de cualquier usuario, host o red.<\/li>\r\n\r\n\r\n\r\n<li>Realizar cualquier acci\u00f3n para obtener servicios que no le corresponden.<\/li>\r\n<\/ul>\r\n\r\n\r\n\r\n<h2 class=\"wp-block-heading\">USO ILEGAL<\/h2>\r\n\r\n\r\n\r\n<p>La red Bilingual LS solo puede usarse con fines legales, por ejemplo, no debe usar la red Bilingual LS para crear, transferir, distribuir o almacenar material que:<\/p>\r\n\r\n\r\n\r\n<ul class=\"wp-block-list\">\r\n<li>Viole una marca registrada, derechos de autor, secreto comercial o cualquier otro derecho de propiedad intelectual de terceros.<\/li>\r\n\r\n\r\n\r\n<li>Viole la privacidad, publicidad u otros derechos personales de terceros.<\/li>\r\n\r\n\r\n\r\n<li>Afecta la privacidad de las comunicaciones.<\/li>\r\n\r\n\r\n\r\n<li>Contiene contenido obsceno o pornogr\u00e1fico.<\/li>\r\n\r\n\r\n\r\n<li>Puede ser amenazante, abusivo u odioso.<\/li>\r\n\r\n\r\n\r\n<li>Viola las leyes o reglas de control de exportaciones.<\/li>\r\n\r\n\r\n\r\n<li>Promueve conductas que puedan constituir delito o dar lugar a responsabilidad civil.<\/li>\r\n\r\n\r\n\r\n<li>Provoca un mal funcionamiento t\u00e9cnico de la red Bilingual LS, incluyendo la introducci\u00f3n de virus, gusanos o cualquier otro mecanismo destructivo.<\/li>\r\n\r\n\r\n\r\n<li>Contraviene las reglas razonables de Bilingual LS u otros proveedores de servicios con respecto a la red Bilingual LS.<\/li>\r\n\r\n\r\n\r\n<li>Asiste o permite que cualquier persona participe en cualquiera de las actividades descritas en este documento.<\/li>\r\n\r\n\r\n\r\n<li>Constituye marketing online enga\u00f1oso.<\/li>\r\n<\/ul>\r\n\r\n\r\n\r\n<p>Si se entera de la ocurrencia de cualquiera de estas actividades, est\u00e1 obligado a notificar a Bilingual LS inmediatamente y tomar todas las acciones apropiadas para detener tales actividades.<\/p>\r\n\r\n\r\n\r\n<h2 class=\"wp-block-heading\">COMUNICACIONES NO SOLICITADAS (\"Spam\")<\/h2>\r\n\r\n\r\n\r\n<p>Est\u00e1 prohibido publicar mensajes no solicitados iguales o similares, anuncios masivos o anuncios informales a una persona o grupo de personas (conocido como \"Spam\"). El spam no solo es molesto para los usuarios de Internet, sino que tambi\u00e9n afecta la eficiencia y efectividad de la red Bilingual LS. Dichos mensajes no solicitados pueden aumentar los costos al obstruir la red Bilingual LS al hacer que el sitio web sea inaccesible y potencialmente ralentizar las aplicaciones que necesitan Internet.<\/p>\r\n\r\n\r\n\r\n<p>Adem\u00e1s, ni los usuarios de LS biling\u00fces ni los de correo electr\u00f3nico deben:<\/p>\r\n\r\n\r\n\r\n<ul class=\"wp-block-list\">\r\n<li>Enviar o publicar correos electr\u00f3nicos excesivos y \/ o con la intenci\u00f3n de da\u00f1ar o molestar a otros.<\/li>\r\n\r\n\r\n\r\n<li>Insista en enviar un correo electr\u00f3nico a un destinatario que haya indicado que no desea recibirlo.<\/li>\r\n\r\n\r\n\r\n<li>Env\u00ede un correo electr\u00f3nico con informaci\u00f3n de encabezado de paquete TCP \/ IP falso.<\/li>\r\n\r\n\r\n\r\n<li>Omitir, eliminar, falsificar o malinterpretar intencionalmente la transmisi\u00f3n de informaci\u00f3n, incluidos los encabezados y direcciones de respuesta.<\/li>\r\n\r\n\r\n\r\n<li>Realice cualquier otra acci\u00f3n para obstruir su identidad o informaci\u00f3n de contacto.<\/li>\r\n<\/ul>\r\n\r\n\r\n\r\n<h2 class=\"wp-block-heading\">CONTENIDO<\/h2>\r\n\r\n\r\n\r\n<p>Bilingual LS no controla ni se hace responsable del contenido de la informaci\u00f3n que navega en el sitio web, incluido cualquier contenido proporcionado en cualquier sitio web de terceros relacionado con Bilingual LS. Cualquier enlace a cualquier sitio web se proporciona como una herramienta de navegaci\u00f3n en Internet solo con fines informativos y Bilingual LS no garantiza el contenido de dicho sitio web. Bilingual LS no adopta ni garantiza la exactitud del contenido de ning\u00fan sitio web relacionado y no tiene la responsabilidad de actualizar su contenido. El uso de cualquier informaci\u00f3n obtenida a trav\u00e9s del sitio web es bajo su propio riesgo. Bilingual LS no cubre las comunicaciones y no es responsable del ocultamiento o monitoreo del contenido que utiliza.<\/p>\r\n\r\n\r\n\r\n<h2 class=\"wp-block-heading\">Excepciones<\/h2>\r\n\r\n\r\n\r\n<p>Bilingual LS compartir\u00e1 la informaci\u00f3n del Usuario con empresas, organizaciones o personas no asociadas con Bilingual LS si se considera de buena fe que dicho acceso, uso, preservaci\u00f3n o divulgaci\u00f3n de la informaci\u00f3n es razonablemente necesario para:<\/p>\r\n\r\n\r\n\r\n<ul class=\"wp-block-list\">\r\n<li>Cumplir con cualquier ley, reglamento, solicitud gubernamental o proceso legal aplicable.<\/li>\r\n\r\n\r\n\r\n<li>Hacer cumplir las condiciones de servicio correspondientes, que incluyen la investigaci\u00f3n de posibles infracciones.<\/li>\r\n\r\n\r\n\r\n<li>Detecte, evite o gestione problemas t\u00e9cnicos relacionados con la seguridad o el fraude.<\/li>\r\n\r\n\r\n\r\n<li>Proteger contra da\u00f1os a los derechos, propiedad o seguridad de Bilingual LS, los usuarios del Sitio Web o el p\u00fablico seg\u00fan lo solicite o permita la ley.<\/li>\r\n\r\n\r\n\r\n<li>Si previamente ha autorizado a Bilingual LS para hacerlo.<\/li>\r\n<\/ul>\r\n\r\n\r\n\r\n<h2 class=\"wp-block-heading\">ENMIENDAS A LA POL\u00cdTICA<\/h2>\r\n\r\n\r\n\r\n<p>Tenga en cuenta que al utilizar el sitio web, confirma que acepta la Pol\u00edtica, que puede modificarse de vez en cuando. Si no est\u00e1 de acuerdo con la Pol\u00edtica, le solicitamos que no utilice el sitio web ni los servicios que se brindan en el mismo. Bilingual LS tiene el derecho de modificar esta Pol\u00edtica de privacidad y notificar\u00e1 previamente cualquier cambio realizado a trav\u00e9s de cualquier medio razonable, incluido el env\u00edo de un correo electr\u00f3nico a su mejor direcci\u00f3n o cargar las noticias y la pol\u00edtica modificada en el sitio web. El uso continuado del sitio web despu\u00e9s de que las enmiendas a esta Pol\u00edtica de privacidad sean efectivas se entender\u00e1 como su acuerdo y aceptaci\u00f3n de dichas enmiendas y toda la informaci\u00f3n recopilada o proporcionada a partir de entonces se regir\u00e1 por la Pol\u00edtica de privacidad actualizada.<\/p>","protected":false},"excerpt":{"rendered":"<p>INTRODUCTION This Privacy and Data Protection Policy, hereinafter the &#8220;Policy&#8221;, sets the criteria for processing any personal data, hereinafter &#8220;Personal Data&#8221;, collected by us on you or provided by you to BILINGUAL S.A.C., identified with Tax ID 20556432881, domiciled in the city of Lima, hereinafter \u201cBilingual LS\u201d. The use of www.bilingual-ls.com, hereinafter the &#8220;Website&#8221;, implies [&hellip;]<\/p>\n","protected":false},"author":1,"featured_media":0,"parent":0,"menu_order":0,"comment_status":"closed","ping_status":"closed","template":"","meta":{"content-type":"","inline_featured_image":false,"footnotes":""},"class_list":["post-3","page","type-page","status-publish","hentry"],"_links":{"self":[{"href":"https:\/\/www.bilingualglobal.com\/es\/wp-json\/wp\/v2\/pages\/3","targetHints":{"allow":["GET"]}}],"collection":[{"href":"https:\/\/www.bilingualglobal.com\/es\/wp-json\/wp\/v2\/pages"}],"about":[{"href":"https:\/\/www.bilingualglobal.com\/es\/wp-json\/wp\/v2\/types\/page"}],"author":[{"embeddable":true,"href":"https:\/\/www.bilingualglobal.com\/es\/wp-json\/wp\/v2\/users\/1"}],"replies":[{"embeddable":true,"href":"https:\/\/www.bilingualglobal.com\/es\/wp-json\/wp\/v2\/comments?post=3"}],"version-history":[{"count":3,"href":"https:\/\/www.bilingualglobal.com\/es\/wp-json\/wp\/v2\/pages\/3\/revisions"}],"predecessor-version":[{"id":1383,"href":"https:\/\/www.bilingualglobal.com\/es\/wp-json\/wp\/v2\/pages\/3\/revisions\/1383"}],"wp:attachment":[{"href":"https:\/\/www.bilingualglobal.com\/es\/wp-json\/wp\/v2\/media?parent=3"}],"curies":[{"name":"wp","href":"https:\/\/api.w.org\/{rel}","templated":true}]}}